{"id":21,"date":"2016-11-20T23:49:58","date_gmt":"2016-11-20T22:49:58","guid":{"rendered":"http:\/\/ocheese.ch\/wordpress\/?page_id=21"},"modified":"2026-01-01T09:44:09","modified_gmt":"2026-01-01T08:44:09","slug":"bienvenue-chez-ocheese-more","status":"publish","type":"page","link":"https:\/\/ocheese.ch\/wordpress\/","title":{"rendered":"Bienvenue"},"content":{"rendered":"<p class=\"western\">Une fondue, une raclette, une grillade, quoi de mieux pour partager de d\u00e9licieux moments entre amis.<\/p>\n<p>Une for\u00eat<br \/>\nUne Grange<br \/>\nEn plein air ou &#8230;<\/p>\n<p>L&rsquo;\u00e9quipe O&rsquo;Cheese rel\u00e8ve le d\u00e9fi.<\/p>\n<p class=\"western\">Ses d\u00e9licieuses fondues \u2013 raclettes et leurs diff\u00e9rentes d\u00e9clinaisons de chez Laiterie Moderne \u00e0 Bulle<br \/>\nSes burgers de la boucherie Fragni\u00e8re Grolley<br \/>\nSes grillades de\u00a0 la boucherie Papaux Beaumont<br \/>\nUne s\u00e9lection de vin de chez Vins Bruchez<\/p>\n<p class=\"western\">O&rsquo;Cheese\u00a0est votre partenaire parfait pour un moment agr\u00e9able.<\/p>\n<p class=\"western\">Un anniversaire, une f\u00eate de famille, une f\u00eate d\u2019entreprise, tous les pr\u00e9textes sont bons.<\/p>\n<p>Avec sa roulotte, O\u2019Cheese peut r\u00e9pondre \u00e0 toutes vos demandes.<\/p>\n<p class=\"western\">N&rsquo;h\u00e9sitez pas \u00e0 demander une offre : <a href=\"mailto:info@ocheese.ch\">info@ocheese.ch<\/a><\/p>\n<p class=\"western\">Service Traiteur, Manifestation, March\u00e9<\/p>\n<p><a href=\"https:\/\/ocheese.ch\/wordpress\/burgers\/\">Nouveau : Burgers &#8230;<\/a><\/p>\n<p>Au fil du temps et des demandes, d\u00e9couvrez les nouvelles offres O&rsquo;Cheese.<\/p>\n<p>Bon app\u00e9tit<\/p>\n<pre><\/pre>\n\n\n<p><\/p>\n","protected":false},"excerpt":{"rendered":"<p>Une fondue, une raclette, une grillade, quoi de mieux pour partager de d\u00e9licieux moments entre amis. Une for\u00eat Une Grange En plein air ou &#8230; L&rsquo;\u00e9quipe O&rsquo;Cheese rel\u00e8ve le d\u00e9fi. &#8230;<\/p>\n","protected":false},"author":1,"featured_media":0,"parent":0,"menu_order":0,"comment_status":"closed","ping_status":"closed","template":"","meta":{"footnotes":""},"class_list":["post-21","page","type-page","status-publish","hentry"],"yoast_head":"<!-- This site is optimized with the Yoast SEO plugin v27.6 - https:\/\/yoast.com\/product\/yoast-seo-wordpress\/ -->\n<title>Bienvenue - O&#039;Cheese and More<\/title>\n<meta name=\"robots\" content=\"index, follow, max-snippet:-1, max-image-preview:large, max-video-preview:-1\" \/>\n<link rel=\"canonical\" href=\"https:\/\/ocheese.ch\/wordpress\/\" \/>\n<meta property=\"og:locale\" content=\"fr_FR\" \/>\n<meta property=\"og:type\" content=\"article\" \/>\n<meta property=\"og:title\" content=\"Bienvenue - O&#039;Cheese and More\" \/>\n<meta property=\"og:description\" content=\"Une fondue, une raclette, une grillade, quoi de mieux pour partager de d\u00e9licieux moments entre amis. Une for\u00eat Une Grange En plein air ou &#8230; L&rsquo;\u00e9quipe O&rsquo;Cheese rel\u00e8ve le d\u00e9fi. ...\" \/>\n<meta property=\"og:url\" content=\"https:\/\/ocheese.ch\/wordpress\/\" \/>\n<meta property=\"og:site_name\" content=\"O&#039;Cheese and More\" \/>\n<meta property=\"article:publisher\" content=\"https:\/\/m.facebook.com\/rappo.alain\/\" \/>\n<meta property=\"article:modified_time\" content=\"2026-01-01T08:44:09+00:00\" \/>\n<meta name=\"twitter:card\" content=\"summary_large_image\" \/>\n<meta name=\"twitter:label1\" content=\"Dur\u00e9e de lecture estim\u00e9e\" \/>\n\t<meta name=\"twitter:data1\" content=\"1 minute\" \/>\n<script type=\"application\/ld+json\" class=\"yoast-schema-graph\">{\"@context\":\"https:\\\/\\\/schema.org\",\"@graph\":[{\"@type\":\"WebPage\",\"@id\":\"https:\\\/\\\/ocheese.ch\\\/wordpress\\\/\",\"url\":\"https:\\\/\\\/ocheese.ch\\\/wordpress\\\/\",\"name\":\"Bienvenue - O&#039;Cheese and More\",\"isPartOf\":{\"@id\":\"https:\\\/\\\/ocheese.ch\\\/wordpress\\\/#website\"},\"datePublished\":\"2016-11-20T22:49:58+00:00\",\"dateModified\":\"2026-01-01T08:44:09+00:00\",\"breadcrumb\":{\"@id\":\"https:\\\/\\\/ocheese.ch\\\/wordpress\\\/#breadcrumb\"},\"inLanguage\":\"fr-FR\",\"potentialAction\":[{\"@type\":\"ReadAction\",\"target\":[\"https:\\\/\\\/ocheese.ch\\\/wordpress\\\/\"]}]},{\"@type\":\"BreadcrumbList\",\"@id\":\"https:\\\/\\\/ocheese.ch\\\/wordpress\\\/#breadcrumb\",\"itemListElement\":[{\"@type\":\"ListItem\",\"position\":1,\"name\":\"Accueil\",\"item\":\"https:\\\/\\\/ocheese.ch\\\/wordpress\\\/\"},{\"@type\":\"ListItem\",\"position\":2,\"name\":\"Bienvenue\"}]},{\"@type\":\"WebSite\",\"@id\":\"https:\\\/\\\/ocheese.ch\\\/wordpress\\\/#website\",\"url\":\"https:\\\/\\\/ocheese.ch\\\/wordpress\\\/\",\"name\":\"O&#039;Cheese and More\",\"description\":\"Tout pr\u00e8s de chez toi !\",\"publisher\":{\"@id\":\"https:\\\/\\\/ocheese.ch\\\/wordpress\\\/#organization\"},\"potentialAction\":[{\"@type\":\"SearchAction\",\"target\":{\"@type\":\"EntryPoint\",\"urlTemplate\":\"https:\\\/\\\/ocheese.ch\\\/wordpress\\\/?s={search_term_string}\"},\"query-input\":{\"@type\":\"PropertyValueSpecification\",\"valueRequired\":true,\"valueName\":\"search_term_string\"}}],\"inLanguage\":\"fr-FR\"},{\"@type\":\"Organization\",\"@id\":\"https:\\\/\\\/ocheese.ch\\\/wordpress\\\/#organization\",\"name\":\"O'Cheese & More\",\"url\":\"https:\\\/\\\/ocheese.ch\\\/wordpress\\\/\",\"logo\":{\"@type\":\"ImageObject\",\"inLanguage\":\"fr-FR\",\"@id\":\"https:\\\/\\\/ocheese.ch\\\/wordpress\\\/#\\\/schema\\\/logo\\\/image\\\/\",\"url\":\"https:\\\/\\\/ocheese.ch\\\/wordpress\\\/wp-content\\\/uploads\\\/2016\\\/11\\\/logo-e1494874600532.gif\",\"contentUrl\":\"https:\\\/\\\/ocheese.ch\\\/wordpress\\\/wp-content\\\/uploads\\\/2016\\\/11\\\/logo-e1494874600532.gif\",\"width\":200,\"height\":177,\"caption\":\"O'Cheese & More\"},\"image\":{\"@id\":\"https:\\\/\\\/ocheese.ch\\\/wordpress\\\/#\\\/schema\\\/logo\\\/image\\\/\"},\"sameAs\":[\"https:\\\/\\\/m.facebook.com\\\/rappo.alain\\\/\"]}]}<\/script>\n<!-- \/ Yoast SEO plugin. -->","yoast_head_json":{"title":"Bienvenue - O&#039;Cheese and More","robots":{"index":"index","follow":"follow","max-snippet":"max-snippet:-1","max-image-preview":"max-image-preview:large","max-video-preview":"max-video-preview:-1"},"canonical":"https:\/\/ocheese.ch\/wordpress\/","og_locale":"fr_FR","og_type":"article","og_title":"Bienvenue - O&#039;Cheese and More","og_description":"Une fondue, une raclette, une grillade, quoi de mieux pour partager de d\u00e9licieux moments entre amis. Une for\u00eat Une Grange En plein air ou &#8230; L&rsquo;\u00e9quipe O&rsquo;Cheese rel\u00e8ve le d\u00e9fi. ...","og_url":"https:\/\/ocheese.ch\/wordpress\/","og_site_name":"O&#039;Cheese and More","article_publisher":"https:\/\/m.facebook.com\/rappo.alain\/","article_modified_time":"2026-01-01T08:44:09+00:00","twitter_card":"summary_large_image","twitter_misc":{"Dur\u00e9e de lecture estim\u00e9e":"1 minute"},"schema":{"@context":"https:\/\/schema.org","@graph":[{"@type":"WebPage","@id":"https:\/\/ocheese.ch\/wordpress\/","url":"https:\/\/ocheese.ch\/wordpress\/","name":"Bienvenue - O&#039;Cheese and More","isPartOf":{"@id":"https:\/\/ocheese.ch\/wordpress\/#website"},"datePublished":"2016-11-20T22:49:58+00:00","dateModified":"2026-01-01T08:44:09+00:00","breadcrumb":{"@id":"https:\/\/ocheese.ch\/wordpress\/#breadcrumb"},"inLanguage":"fr-FR","potentialAction":[{"@type":"ReadAction","target":["https:\/\/ocheese.ch\/wordpress\/"]}]},{"@type":"BreadcrumbList","@id":"https:\/\/ocheese.ch\/wordpress\/#breadcrumb","itemListElement":[{"@type":"ListItem","position":1,"name":"Accueil","item":"https:\/\/ocheese.ch\/wordpress\/"},{"@type":"ListItem","position":2,"name":"Bienvenue"}]},{"@type":"WebSite","@id":"https:\/\/ocheese.ch\/wordpress\/#website","url":"https:\/\/ocheese.ch\/wordpress\/","name":"O&#039;Cheese and More","description":"Tout pr\u00e8s de chez toi !","publisher":{"@id":"https:\/\/ocheese.ch\/wordpress\/#organization"},"potentialAction":[{"@type":"SearchAction","target":{"@type":"EntryPoint","urlTemplate":"https:\/\/ocheese.ch\/wordpress\/?s={search_term_string}"},"query-input":{"@type":"PropertyValueSpecification","valueRequired":true,"valueName":"search_term_string"}}],"inLanguage":"fr-FR"},{"@type":"Organization","@id":"https:\/\/ocheese.ch\/wordpress\/#organization","name":"O'Cheese & More","url":"https:\/\/ocheese.ch\/wordpress\/","logo":{"@type":"ImageObject","inLanguage":"fr-FR","@id":"https:\/\/ocheese.ch\/wordpress\/#\/schema\/logo\/image\/","url":"https:\/\/ocheese.ch\/wordpress\/wp-content\/uploads\/2016\/11\/logo-e1494874600532.gif","contentUrl":"https:\/\/ocheese.ch\/wordpress\/wp-content\/uploads\/2016\/11\/logo-e1494874600532.gif","width":200,"height":177,"caption":"O'Cheese & More"},"image":{"@id":"https:\/\/ocheese.ch\/wordpress\/#\/schema\/logo\/image\/"},"sameAs":["https:\/\/m.facebook.com\/rappo.alain\/"]}]}},"_links":{"self":[{"href":"https:\/\/ocheese.ch\/wordpress\/wp-json\/wp\/v2\/pages\/21","targetHints":{"allow":["GET"]}}],"collection":[{"href":"https:\/\/ocheese.ch\/wordpress\/wp-json\/wp\/v2\/pages"}],"about":[{"href":"https:\/\/ocheese.ch\/wordpress\/wp-json\/wp\/v2\/types\/page"}],"author":[{"embeddable":true,"href":"https:\/\/ocheese.ch\/wordpress\/wp-json\/wp\/v2\/users\/1"}],"replies":[{"embeddable":true,"href":"https:\/\/ocheese.ch\/wordpress\/wp-json\/wp\/v2\/comments?post=21"}],"version-history":[{"count":14,"href":"https:\/\/ocheese.ch\/wordpress\/wp-json\/wp\/v2\/pages\/21\/revisions"}],"predecessor-version":[{"id":1695,"href":"https:\/\/ocheese.ch\/wordpress\/wp-json\/wp\/v2\/pages\/21\/revisions\/1695"}],"wp:attachment":[{"href":"https:\/\/ocheese.ch\/wordpress\/wp-json\/wp\/v2\/media?parent=21"}],"curies":[{"name":"wp","href":"https:\/\/api.w.org\/{rel}","templated":true}]}}