{"id":1498,"date":"2018-04-24T17:23:28","date_gmt":"2018-04-24T15:23:28","guid":{"rendered":"http:\/\/ocheese.ch\/wordpress\/?page_id=1498"},"modified":"2026-01-05T09:53:51","modified_gmt":"2026-01-05T08:53:51","slug":"burgers","status":"publish","type":"page","link":"https:\/\/ocheese.ch\/wordpress\/burgers\/","title":{"rendered":"Burgers"},"content":{"rendered":"<p><strong>Afin de r\u00e9pondre \u00e0 la demande, O&rsquo;Cheese propose ces Burgers :<\/strong><\/p>\n<p>Nous sommes pr\u00e9sents d\u00e8s 17h45<\/p>\n<p>les mardis : Ponthaux, rte de Nierlet (avant l&rsquo;\u00e9cole)<\/p>\n<p>les vendredis : Nor\u00e9az, rte de Ponthaux 4 <em>(Boulangerie au Vieux-Grenier)<\/em><br \/>\n<em>(paiement cash ou twint)<\/em><\/p>\n<p>Attention, d\u00e8s 19h45 heures il est conseill\u00e9 d&rsquo;appeler au 079 350 99 60 afin de confirmer notre pr\u00e9sence.<br \/>\nNotre page Facebook vous informe de notre pr\u00e9sence.<\/p>\n<p>Pain : Vieux-Grenier \u00e0 Grolley<br \/>\nViande : boeuf Suisse, Boucherie Fragni\u00e8re \u00e0 Grolley<\/p>\n<p><em><strong>Burger, Burger Cheese raclette, Burger poulet, portion de frites et raclette wrap<\/strong><\/em><\/p>\n<p><img loading=\"lazy\" decoding=\"async\" class=\"alignnone size-medium wp-image-1626\" src=\"https:\/\/ocheese.ch\/wordpress\/wp-content\/uploads\/2020\/07\/Burger-raclette-200x300.jpg\" alt=\"\" width=\"200\" height=\"300\" srcset=\"https:\/\/ocheese.ch\/wordpress\/wp-content\/uploads\/2020\/07\/Burger-raclette-200x300.jpg 200w, https:\/\/ocheese.ch\/wordpress\/wp-content\/uploads\/2020\/07\/Burger-raclette-768x1154.jpg 768w, https:\/\/ocheese.ch\/wordpress\/wp-content\/uploads\/2020\/07\/Burger-raclette-681x1024.jpg 681w, https:\/\/ocheese.ch\/wordpress\/wp-content\/uploads\/2020\/07\/Burger-raclette.jpg 1094w\" sizes=\"auto, (max-width: 200px) 100vw, 200px\" \/> <img loading=\"lazy\" decoding=\"async\" class=\"alignnone size-medium wp-image-1646\" src=\"https:\/\/ocheese.ch\/wordpress\/wp-content\/uploads\/2021\/04\/Burger-a-lemporter-rogne-300x135.jpg\" alt=\"\" width=\"300\" height=\"135\" srcset=\"https:\/\/ocheese.ch\/wordpress\/wp-content\/uploads\/2021\/04\/Burger-a-lemporter-rogne-300x135.jpg 300w, https:\/\/ocheese.ch\/wordpress\/wp-content\/uploads\/2021\/04\/Burger-a-lemporter-rogne-1024x461.jpg 1024w, https:\/\/ocheese.ch\/wordpress\/wp-content\/uploads\/2021\/04\/Burger-a-lemporter-rogne-768x346.jpg 768w, https:\/\/ocheese.ch\/wordpress\/wp-content\/uploads\/2021\/04\/Burger-a-lemporter-rogne.jpg 1328w\" sizes=\"auto, (max-width: 300px) 100vw, 300px\" \/><\/p>\n<p>Bon app\u00e9tit<\/p>\n","protected":false},"excerpt":{"rendered":"<p>Afin de r\u00e9pondre \u00e0 la demande, O&rsquo;Cheese propose ces Burgers : Nous sommes pr\u00e9sents d\u00e8s 17h45 les mardis : Ponthaux, rte de Nierlet (avant l&rsquo;\u00e9cole) les vendredis : Nor\u00e9az, rte &#8230;<\/p>\n","protected":false},"author":1,"featured_media":0,"parent":0,"menu_order":0,"comment_status":"closed","ping_status":"closed","template":"","meta":{"footnotes":""},"class_list":["post-1498","page","type-page","status-publish","hentry"],"yoast_head":"<!-- This site is optimized with the Yoast SEO plugin v27.4 - https:\/\/yoast.com\/product\/yoast-seo-wordpress\/ -->\n<title>Burgers - O&#039;Cheese and More<\/title>\n<meta name=\"robots\" content=\"index, follow, max-snippet:-1, max-image-preview:large, max-video-preview:-1\" \/>\n<link rel=\"canonical\" href=\"https:\/\/ocheese.ch\/wordpress\/burgers\/\" \/>\n<meta property=\"og:locale\" content=\"fr_FR\" \/>\n<meta property=\"og:type\" content=\"article\" \/>\n<meta property=\"og:title\" content=\"Burgers - O&#039;Cheese and More\" \/>\n<meta property=\"og:description\" content=\"Afin de r\u00e9pondre \u00e0 la demande, O&rsquo;Cheese propose ces Burgers : Nous sommes pr\u00e9sents d\u00e8s 17h45 les mardis : Ponthaux, rte de Nierlet (avant l&rsquo;\u00e9cole) les vendredis : Nor\u00e9az, rte ...\" \/>\n<meta property=\"og:url\" content=\"https:\/\/ocheese.ch\/wordpress\/burgers\/\" \/>\n<meta property=\"og:site_name\" content=\"O&#039;Cheese and More\" \/>\n<meta property=\"article:publisher\" content=\"https:\/\/m.facebook.com\/rappo.alain\/\" \/>\n<meta property=\"article:modified_time\" content=\"2026-01-05T08:53:51+00:00\" \/>\n<meta property=\"og:image\" content=\"http:\/\/ocheese.ch\/wordpress\/wp-content\/uploads\/2020\/07\/Burger-raclette-200x300.jpg\" \/>\n<meta name=\"twitter:card\" content=\"summary_large_image\" \/>\n<meta name=\"twitter:label1\" content=\"Dur\u00e9e de lecture estim\u00e9e\" \/>\n\t<meta name=\"twitter:data1\" content=\"1 minute\" \/>\n<script type=\"application\/ld+json\" class=\"yoast-schema-graph\">{\"@context\":\"https:\\\/\\\/schema.org\",\"@graph\":[{\"@type\":\"WebPage\",\"@id\":\"https:\\\/\\\/ocheese.ch\\\/wordpress\\\/burgers\\\/\",\"url\":\"https:\\\/\\\/ocheese.ch\\\/wordpress\\\/burgers\\\/\",\"name\":\"Burgers - O&#039;Cheese and More\",\"isPartOf\":{\"@id\":\"https:\\\/\\\/ocheese.ch\\\/wordpress\\\/#website\"},\"primaryImageOfPage\":{\"@id\":\"https:\\\/\\\/ocheese.ch\\\/wordpress\\\/burgers\\\/#primaryimage\"},\"image\":{\"@id\":\"https:\\\/\\\/ocheese.ch\\\/wordpress\\\/burgers\\\/#primaryimage\"},\"thumbnailUrl\":\"http:\\\/\\\/ocheese.ch\\\/wordpress\\\/wp-content\\\/uploads\\\/2020\\\/07\\\/Burger-raclette-200x300.jpg\",\"datePublished\":\"2018-04-24T15:23:28+00:00\",\"dateModified\":\"2026-01-05T08:53:51+00:00\",\"breadcrumb\":{\"@id\":\"https:\\\/\\\/ocheese.ch\\\/wordpress\\\/burgers\\\/#breadcrumb\"},\"inLanguage\":\"fr-FR\",\"potentialAction\":[{\"@type\":\"ReadAction\",\"target\":[\"https:\\\/\\\/ocheese.ch\\\/wordpress\\\/burgers\\\/\"]}]},{\"@type\":\"ImageObject\",\"inLanguage\":\"fr-FR\",\"@id\":\"https:\\\/\\\/ocheese.ch\\\/wordpress\\\/burgers\\\/#primaryimage\",\"url\":\"http:\\\/\\\/ocheese.ch\\\/wordpress\\\/wp-content\\\/uploads\\\/2020\\\/07\\\/Burger-raclette-200x300.jpg\",\"contentUrl\":\"http:\\\/\\\/ocheese.ch\\\/wordpress\\\/wp-content\\\/uploads\\\/2020\\\/07\\\/Burger-raclette-200x300.jpg\"},{\"@type\":\"BreadcrumbList\",\"@id\":\"https:\\\/\\\/ocheese.ch\\\/wordpress\\\/burgers\\\/#breadcrumb\",\"itemListElement\":[{\"@type\":\"ListItem\",\"position\":1,\"name\":\"Accueil\",\"item\":\"https:\\\/\\\/ocheese.ch\\\/wordpress\\\/\"},{\"@type\":\"ListItem\",\"position\":2,\"name\":\"Burgers\"}]},{\"@type\":\"WebSite\",\"@id\":\"https:\\\/\\\/ocheese.ch\\\/wordpress\\\/#website\",\"url\":\"https:\\\/\\\/ocheese.ch\\\/wordpress\\\/\",\"name\":\"O&#039;Cheese and More\",\"description\":\"Tout pr\u00e8s de chez toi !\",\"publisher\":{\"@id\":\"https:\\\/\\\/ocheese.ch\\\/wordpress\\\/#organization\"},\"potentialAction\":[{\"@type\":\"SearchAction\",\"target\":{\"@type\":\"EntryPoint\",\"urlTemplate\":\"https:\\\/\\\/ocheese.ch\\\/wordpress\\\/?s={search_term_string}\"},\"query-input\":{\"@type\":\"PropertyValueSpecification\",\"valueRequired\":true,\"valueName\":\"search_term_string\"}}],\"inLanguage\":\"fr-FR\"},{\"@type\":\"Organization\",\"@id\":\"https:\\\/\\\/ocheese.ch\\\/wordpress\\\/#organization\",\"name\":\"O'Cheese & More\",\"url\":\"https:\\\/\\\/ocheese.ch\\\/wordpress\\\/\",\"logo\":{\"@type\":\"ImageObject\",\"inLanguage\":\"fr-FR\",\"@id\":\"https:\\\/\\\/ocheese.ch\\\/wordpress\\\/#\\\/schema\\\/logo\\\/image\\\/\",\"url\":\"https:\\\/\\\/ocheese.ch\\\/wordpress\\\/wp-content\\\/uploads\\\/2016\\\/11\\\/logo-e1494874600532.gif\",\"contentUrl\":\"https:\\\/\\\/ocheese.ch\\\/wordpress\\\/wp-content\\\/uploads\\\/2016\\\/11\\\/logo-e1494874600532.gif\",\"width\":200,\"height\":177,\"caption\":\"O'Cheese & More\"},\"image\":{\"@id\":\"https:\\\/\\\/ocheese.ch\\\/wordpress\\\/#\\\/schema\\\/logo\\\/image\\\/\"},\"sameAs\":[\"https:\\\/\\\/m.facebook.com\\\/rappo.alain\\\/\"]}]}<\/script>\n<!-- \/ Yoast SEO plugin. -->","yoast_head_json":{"title":"Burgers - O&#039;Cheese and More","robots":{"index":"index","follow":"follow","max-snippet":"max-snippet:-1","max-image-preview":"max-image-preview:large","max-video-preview":"max-video-preview:-1"},"canonical":"https:\/\/ocheese.ch\/wordpress\/burgers\/","og_locale":"fr_FR","og_type":"article","og_title":"Burgers - O&#039;Cheese and More","og_description":"Afin de r\u00e9pondre \u00e0 la demande, O&rsquo;Cheese propose ces Burgers : Nous sommes pr\u00e9sents d\u00e8s 17h45 les mardis : Ponthaux, rte de Nierlet (avant l&rsquo;\u00e9cole) les vendredis : Nor\u00e9az, rte ...","og_url":"https:\/\/ocheese.ch\/wordpress\/burgers\/","og_site_name":"O&#039;Cheese and More","article_publisher":"https:\/\/m.facebook.com\/rappo.alain\/","article_modified_time":"2026-01-05T08:53:51+00:00","og_image":[{"url":"http:\/\/ocheese.ch\/wordpress\/wp-content\/uploads\/2020\/07\/Burger-raclette-200x300.jpg","type":"","width":"","height":""}],"twitter_card":"summary_large_image","twitter_misc":{"Dur\u00e9e de lecture estim\u00e9e":"1 minute"},"schema":{"@context":"https:\/\/schema.org","@graph":[{"@type":"WebPage","@id":"https:\/\/ocheese.ch\/wordpress\/burgers\/","url":"https:\/\/ocheese.ch\/wordpress\/burgers\/","name":"Burgers - O&#039;Cheese and More","isPartOf":{"@id":"https:\/\/ocheese.ch\/wordpress\/#website"},"primaryImageOfPage":{"@id":"https:\/\/ocheese.ch\/wordpress\/burgers\/#primaryimage"},"image":{"@id":"https:\/\/ocheese.ch\/wordpress\/burgers\/#primaryimage"},"thumbnailUrl":"http:\/\/ocheese.ch\/wordpress\/wp-content\/uploads\/2020\/07\/Burger-raclette-200x300.jpg","datePublished":"2018-04-24T15:23:28+00:00","dateModified":"2026-01-05T08:53:51+00:00","breadcrumb":{"@id":"https:\/\/ocheese.ch\/wordpress\/burgers\/#breadcrumb"},"inLanguage":"fr-FR","potentialAction":[{"@type":"ReadAction","target":["https:\/\/ocheese.ch\/wordpress\/burgers\/"]}]},{"@type":"ImageObject","inLanguage":"fr-FR","@id":"https:\/\/ocheese.ch\/wordpress\/burgers\/#primaryimage","url":"http:\/\/ocheese.ch\/wordpress\/wp-content\/uploads\/2020\/07\/Burger-raclette-200x300.jpg","contentUrl":"http:\/\/ocheese.ch\/wordpress\/wp-content\/uploads\/2020\/07\/Burger-raclette-200x300.jpg"},{"@type":"BreadcrumbList","@id":"https:\/\/ocheese.ch\/wordpress\/burgers\/#breadcrumb","itemListElement":[{"@type":"ListItem","position":1,"name":"Accueil","item":"https:\/\/ocheese.ch\/wordpress\/"},{"@type":"ListItem","position":2,"name":"Burgers"}]},{"@type":"WebSite","@id":"https:\/\/ocheese.ch\/wordpress\/#website","url":"https:\/\/ocheese.ch\/wordpress\/","name":"O&#039;Cheese and More","description":"Tout pr\u00e8s de chez toi !","publisher":{"@id":"https:\/\/ocheese.ch\/wordpress\/#organization"},"potentialAction":[{"@type":"SearchAction","target":{"@type":"EntryPoint","urlTemplate":"https:\/\/ocheese.ch\/wordpress\/?s={search_term_string}"},"query-input":{"@type":"PropertyValueSpecification","valueRequired":true,"valueName":"search_term_string"}}],"inLanguage":"fr-FR"},{"@type":"Organization","@id":"https:\/\/ocheese.ch\/wordpress\/#organization","name":"O'Cheese & More","url":"https:\/\/ocheese.ch\/wordpress\/","logo":{"@type":"ImageObject","inLanguage":"fr-FR","@id":"https:\/\/ocheese.ch\/wordpress\/#\/schema\/logo\/image\/","url":"https:\/\/ocheese.ch\/wordpress\/wp-content\/uploads\/2016\/11\/logo-e1494874600532.gif","contentUrl":"https:\/\/ocheese.ch\/wordpress\/wp-content\/uploads\/2016\/11\/logo-e1494874600532.gif","width":200,"height":177,"caption":"O'Cheese & More"},"image":{"@id":"https:\/\/ocheese.ch\/wordpress\/#\/schema\/logo\/image\/"},"sameAs":["https:\/\/m.facebook.com\/rappo.alain\/"]}]}},"_links":{"self":[{"href":"https:\/\/ocheese.ch\/wordpress\/wp-json\/wp\/v2\/pages\/1498","targetHints":{"allow":["GET"]}}],"collection":[{"href":"https:\/\/ocheese.ch\/wordpress\/wp-json\/wp\/v2\/pages"}],"about":[{"href":"https:\/\/ocheese.ch\/wordpress\/wp-json\/wp\/v2\/types\/page"}],"author":[{"embeddable":true,"href":"https:\/\/ocheese.ch\/wordpress\/wp-json\/wp\/v2\/users\/1"}],"replies":[{"embeddable":true,"href":"https:\/\/ocheese.ch\/wordpress\/wp-json\/wp\/v2\/comments?post=1498"}],"version-history":[{"count":6,"href":"https:\/\/ocheese.ch\/wordpress\/wp-json\/wp\/v2\/pages\/1498\/revisions"}],"predecessor-version":[{"id":1696,"href":"https:\/\/ocheese.ch\/wordpress\/wp-json\/wp\/v2\/pages\/1498\/revisions\/1696"}],"wp:attachment":[{"href":"https:\/\/ocheese.ch\/wordpress\/wp-json\/wp\/v2\/media?parent=1498"}],"curies":[{"name":"wp","href":"https:\/\/api.w.org\/{rel}","templated":true}]}}